{"id":9500,"date":"2020-08-30T20:34:35","date_gmt":"2020-08-30T20:34:35","guid":{"rendered":"https:\/\/www.newcreativebrand.com\/?page_id=9500"},"modified":"2020-10-25T17:23:00","modified_gmt":"2020-10-25T17:23:00","slug":"paginas-y-tiendas-web","status":"publish","type":"page","link":"https:\/\/newcreativebrand.com\/es\/paginas-y-tiendas-web\/","title":{"rendered":"P\u00e1ginas  y Tiendas Web"},"content":{"rendered":"\n<div class=\"wp-block-group group-padd-09\"><div class=\"wp-block-group__inner-container is-layout-flow wp-block-group-is-layout-flow\">\n<div class=\"wp-block-columns alignwide is-layout-flex wp-container-core-columns-layout-1 wp-block-columns-is-layout-flex\">\n<div class=\"wp-block-column is-layout-flow wp-block-column-is-layout-flow\" style=\"flex-basis:100%\">\n<p class=\"has-text-align-left has-medium-font-size\">Motivados por la versatilidad, aprendizaje y los desaf\u00edos constantes del proceso creativo dentro del mundo del dise\u00f1o multimedia \u2013 hemos aprendido a escuchar y estudiar las necesidades de comunicaci\u00f3n para dise\u00f1ar y distribuir soluciones en canales h\u00edbridos a diferentes audiencias. <\/p>\n\n\n\n<p class=\"has-text-align-left has-medium-font-size\">Nos hemos especializado en la creaci\u00f3n de sitios web durante m\u00e1s de 5 a\u00f1os y hemos adquirido una experiencia invaluable. Es una industria con retos constantes y es por eso que nos mantenemos actualizados para ser competitivos. Hoy, nos alegra ofrecerle a su empresa y\/o negocio un sistema de asistencia completa que incluye dise\u00f1o, desarrollo y mantenimiento de su \u201ctarjeta de presentaci\u00f3n virtual\u201d o \u201ctienda en l\u00ednea\u201d con un rendimiento y soporte t\u00e9cnico sobresaliente.<\/p>\n\n\n\n<p class=\"has-text-align-left has-medium-font-size\">Creamos y configuramos sitios web y tiendas online (e-commerce) con el uso del popular CMS (sistema de gesti\u00f3n de contenidos) WordPress, cuya principal ventaja es proporcionar una interfaz amigable y de f\u00e1cil uso. Este CMS nos permite implementar r\u00e1pidamente cualquier proyecto web \u2013 cumpliendo con los est\u00e1ndares de Internet y comercio electr\u00f3nico. No espere m\u00e1s de 1 a 3 semanas para contar con su sitio web o portal de comercio electr\u00f3nico \u2013 \u00a1<a href=\"http:\/\/newcreativebrand.com\/es\/contacto\" class=\"rank-math-link\">Cont\u00e1ctenos hoy<\/a>!<\/p>\n<\/div>\n<\/div>\n\n\n\n<p><\/p>\n<\/div><\/div>\n\n\n\n<div class=\"wp-block-group group-padd has-white-color has-black-background-color has-text-color has-background\"><div class=\"wp-block-group__inner-container is-layout-flow wp-block-group-is-layout-flow\">\n<div class=\"wp-block-columns alignwide is-layout-flex wp-container-core-columns-layout-2 wp-block-columns-is-layout-flex\">\n<div class=\"wp-block-column is-layout-flow wp-block-column-is-layout-flow\" style=\"flex-basis:100%\">\n<h3 class=\"has-white-color has-text-color wp-block-heading\">\u00a1<strong>Tu proyecto, tu informaci\u00f3n, tu crecimiento<\/strong>!<\/h3>\n\n\n\n<p class=\"has-medium-font-size\">Como primer paso del proceso de desarrollo de un sitio web &#8211; es necesatio estudiar su audiencia y el valor fundamental de su oferta. Esto nos permitir\u00e1 identificar y dise\u00f1ar el tono de voz  de su marca para trazar la mejor experiencia de usuario posible. Nuestros artistas multimedia est\u00e1n listos para hacerse cargo del dise\u00f1o que diferenciar\u00e1 su marca.<\/p>\n\n\n\n<p class=\"has-medium-font-size\">En New Creative Brand Studio nos esforzamos para asegurar que cada uno de sus proyectos tenga \u00e9xito, logre y supere sus objetivos de comunicaci\u00f3n y marketing online. Nuestro valor de colaboraci\u00f3n reside en la transparencia, puntualidad  y autonom\u00eda de nuestros servicios  (p\u00e1ginas web \u00f3 tienda en l\u00ednea). \u2013 \u00bfC\u00f3mo? \u2013  Con un  est\u00e1tus claro de avance en cada fase de los proyectos, capacitaci\u00f3n y por supuesto las claves maestras. Es <strong>\u00abTu proyecto, tu informaci\u00f3n, tu crecimiento\u00bb <\/strong><\/p>\n<\/div>\n<\/div>\n<\/div><\/div>\n\n\n\n<div class=\"wp-block-group group-padd-09\"><div class=\"wp-block-group__inner-container is-layout-flow wp-block-group-is-layout-flow\">\n<figure class=\"wp-block-gallery columns-3 is-cropped mb1 pb1 wp-block-gallery-1 is-layout-flex wp-block-gallery-is-layout-flex\"><ul class=\"blocks-gallery-grid\"><li class=\"blocks-gallery-item\"><figure><img loading=\"lazy\" decoding=\"async\" width=\"1024\" height=\"866\" src=\"http:\/\/newcreativebrand.com\/wp-content\/uploads\/2020\/03\/ht-website-turism-by-new-creative-brand-studio-1024x866.jpg\" alt=\"\" data-id=\"7579\" data-full-url=\"http:\/\/newcreativebrand.com\/wp-content\/uploads\/2020\/03\/ht-website-turism-by-new-creative-brand-studio.jpg\" data-link=\"http:\/\/newcreativebrand.com\/portfolio\/ht\/ht-website-turism-by-new-creative-brand-studio\/\" class=\"wp-image-7579\" srcset=\"https:\/\/newcreativebrand.com\/wp-content\/uploads\/2020\/03\/ht-website-turism-by-new-creative-brand-studio-1024x866.jpg 1024w, https:\/\/newcreativebrand.com\/wp-content\/uploads\/2020\/03\/ht-website-turism-by-new-creative-brand-studio-300x254.jpg 300w, https:\/\/newcreativebrand.com\/wp-content\/uploads\/2020\/03\/ht-website-turism-by-new-creative-brand-studio-768x650.jpg 768w, https:\/\/newcreativebrand.com\/wp-content\/uploads\/2020\/03\/ht-website-turism-by-new-creative-brand-studio-1240x1049.jpg 1240w, https:\/\/newcreativebrand.com\/wp-content\/uploads\/2020\/03\/ht-website-turism-by-new-creative-brand-studio-880x745.jpg 880w, https:\/\/newcreativebrand.com\/wp-content\/uploads\/2020\/03\/ht-website-turism-by-new-creative-brand-studio.jpg 1260w\" sizes=\"(max-width: 1024px) 100vw, 1024px\" \/><figcaption class=\"blocks-gallery-item__caption\">huastecatotal.com<\/figcaption><\/figure><\/li><li class=\"blocks-gallery-item\"><figure><img loading=\"lazy\" decoding=\"async\" width=\"1024\" height=\"584\" src=\"http:\/\/newcreativebrand.com\/wp-content\/uploads\/2020\/03\/ph-webshop-by-new-creative-brand-studio-1024x584.jpg\" alt=\"\" data-id=\"7603\" data-full-url=\"http:\/\/newcreativebrand.com\/wp-content\/uploads\/2020\/03\/ph-webshop-by-new-creative-brand-studio.jpg\" data-link=\"http:\/\/newcreativebrand.com\/portfolio\/ph\/ph-webshop-by-new-creative-brand-studio\/\" class=\"wp-image-7603\" srcset=\"https:\/\/newcreativebrand.com\/wp-content\/uploads\/2020\/03\/ph-webshop-by-new-creative-brand-studio-1024x584.jpg 1024w, https:\/\/newcreativebrand.com\/wp-content\/uploads\/2020\/03\/ph-webshop-by-new-creative-brand-studio-300x171.jpg 300w, https:\/\/newcreativebrand.com\/wp-content\/uploads\/2020\/03\/ph-webshop-by-new-creative-brand-studio-768x438.jpg 768w, https:\/\/newcreativebrand.com\/wp-content\/uploads\/2020\/03\/ph-webshop-by-new-creative-brand-studio-1240x707.jpg 1240w, https:\/\/newcreativebrand.com\/wp-content\/uploads\/2020\/03\/ph-webshop-by-new-creative-brand-studio-880x502.jpg 880w, https:\/\/newcreativebrand.com\/wp-content\/uploads\/2020\/03\/ph-webshop-by-new-creative-brand-studio.jpg 1280w\" sizes=\"(max-width: 1024px) 100vw, 1024px\" \/><figcaption class=\"blocks-gallery-item__caption\">primehome.pl<\/figcaption><\/figure><\/li><li class=\"blocks-gallery-item\"><figure><img loading=\"lazy\" decoding=\"async\" width=\"1024\" height=\"683\" src=\"http:\/\/newcreativebrand.com\/wp-content\/uploads\/2020\/02\/in-website-by-newcreativebrand-studio-1024x683.jpg\" alt=\"\" data-id=\"7637\" data-full-url=\"http:\/\/newcreativebrand.com\/wp-content\/uploads\/2020\/02\/in-website-by-newcreativebrand-studio.jpg\" data-link=\"http:\/\/newcreativebrand.com\/portfolio\/in-al\/in-website-by-newcreativebrand-studio\/\" class=\"wp-image-7637\" srcset=\"https:\/\/newcreativebrand.com\/wp-content\/uploads\/2020\/02\/in-website-by-newcreativebrand-studio-1024x683.jpg 1024w, https:\/\/newcreativebrand.com\/wp-content\/uploads\/2020\/02\/in-website-by-newcreativebrand-studio-300x200.jpg 300w, https:\/\/newcreativebrand.com\/wp-content\/uploads\/2020\/02\/in-website-by-newcreativebrand-studio-768x512.jpg 768w, https:\/\/newcreativebrand.com\/wp-content\/uploads\/2020\/02\/in-website-by-newcreativebrand-studio-1536x1024.jpg 1536w, https:\/\/newcreativebrand.com\/wp-content\/uploads\/2020\/02\/in-website-by-newcreativebrand-studio-1240x827.jpg 1240w, https:\/\/newcreativebrand.com\/wp-content\/uploads\/2020\/02\/in-website-by-newcreativebrand-studio-880x587.jpg 880w, https:\/\/newcreativebrand.com\/wp-content\/uploads\/2020\/02\/in-website-by-newcreativebrand-studio.jpg 1920w\" sizes=\"(max-width: 1024px) 100vw, 1024px\" \/><figcaption class=\"blocks-gallery-item__caption\">ineca-alicante.es<\/figcaption><\/figure><\/li><li class=\"blocks-gallery-item\"><figure><img loading=\"lazy\" decoding=\"async\" width=\"1024\" height=\"745\" src=\"http:\/\/newcreativebrand.com\/wp-content\/uploads\/2015\/10\/webcatalog-design-inph-1024x745.jpg\" alt=\"\" data-id=\"977\" data-full-url=\"http:\/\/newcreativebrand.com\/wp-content\/uploads\/2015\/10\/webcatalog-design-inph.jpg\" data-link=\"http:\/\/newcreativebrand.com\/portfolio\/ip\/metamorfa-studio-portfolio-104\/\" class=\"wp-image-977\" srcset=\"https:\/\/newcreativebrand.com\/wp-content\/uploads\/2015\/10\/webcatalog-design-inph-1024x745.jpg 1024w, https:\/\/newcreativebrand.com\/wp-content\/uploads\/2015\/10\/webcatalog-design-inph-300x218.jpg 300w, https:\/\/newcreativebrand.com\/wp-content\/uploads\/2015\/10\/webcatalog-design-inph-768x559.jpg 768w, https:\/\/newcreativebrand.com\/wp-content\/uploads\/2015\/10\/webcatalog-design-inph-880x640.jpg 880w, https:\/\/newcreativebrand.com\/wp-content\/uploads\/2015\/10\/webcatalog-design-inph.jpg 1100w\" sizes=\"(max-width: 1024px) 100vw, 1024px\" \/><figcaption class=\"blocks-gallery-item__caption\">indenpharma.com<\/figcaption><\/figure><\/li><li class=\"blocks-gallery-item\"><figure><img loading=\"lazy\" decoding=\"async\" width=\"1024\" height=\"709\" src=\"http:\/\/newcreativebrand.com\/wp-content\/uploads\/2020\/04\/as-website-fashion-by-newcreativebrand-studio-1024x709.jpg\" alt=\"\" data-id=\"7562\" data-full-url=\"http:\/\/newcreativebrand.com\/wp-content\/uploads\/2020\/04\/as-website-fashion-by-newcreativebrand-studio.jpg\" data-link=\"http:\/\/newcreativebrand.com\/portfolio\/ams\/as-website-fashion-by-newcreativebrand-studio\/\" class=\"wp-image-7562\" srcset=\"https:\/\/newcreativebrand.com\/wp-content\/uploads\/2020\/04\/as-website-fashion-by-newcreativebrand-studio-1024x709.jpg 1024w, https:\/\/newcreativebrand.com\/wp-content\/uploads\/2020\/04\/as-website-fashion-by-newcreativebrand-studio-300x208.jpg 300w, https:\/\/newcreativebrand.com\/wp-content\/uploads\/2020\/04\/as-website-fashion-by-newcreativebrand-studio-768x532.jpg 768w, https:\/\/newcreativebrand.com\/wp-content\/uploads\/2020\/04\/as-website-fashion-by-newcreativebrand-studio-1536x1063.jpg 1536w, https:\/\/newcreativebrand.com\/wp-content\/uploads\/2020\/04\/as-website-fashion-by-newcreativebrand-studio-1240x858.jpg 1240w, https:\/\/newcreativebrand.com\/wp-content\/uploads\/2020\/04\/as-website-fashion-by-newcreativebrand-studio-880x609.jpg 880w, https:\/\/newcreativebrand.com\/wp-content\/uploads\/2020\/04\/as-website-fashion-by-newcreativebrand-studio.jpg 1920w\" sizes=\"(max-width: 1024px) 100vw, 1024px\" \/><figcaption class=\"blocks-gallery-item__caption\">americansupply.es<\/figcaption><\/figure><\/li><li class=\"blocks-gallery-item\"><figure><img loading=\"lazy\" decoding=\"async\" width=\"1024\" height=\"579\" src=\"http:\/\/newcreativebrand.com\/wp-content\/uploads\/2020\/08\/w-gg-1024x579.jpg\" alt=\"\" data-id=\"8551\" data-full-url=\"http:\/\/newcreativebrand.com\/wp-content\/uploads\/2020\/08\/w-gg.jpg\" data-link=\"http:\/\/newcreativebrand.com\/strony-internetowe\/w-gg\/\" class=\"wp-image-8551\" srcset=\"https:\/\/newcreativebrand.com\/wp-content\/uploads\/2020\/08\/w-gg-1024x579.jpg 1024w, https:\/\/newcreativebrand.com\/wp-content\/uploads\/2020\/08\/w-gg-300x170.jpg 300w, https:\/\/newcreativebrand.com\/wp-content\/uploads\/2020\/08\/w-gg-768x434.jpg 768w, https:\/\/newcreativebrand.com\/wp-content\/uploads\/2020\/08\/w-gg-880x497.jpg 880w, https:\/\/newcreativebrand.com\/wp-content\/uploads\/2020\/08\/w-gg.jpg 1200w\" sizes=\"(max-width: 1024px) 100vw, 1024px\" \/><figcaption class=\"blocks-gallery-item__caption\">grupogoliat.com<\/figcaption><\/figure><\/li><\/ul><\/figure>\n\n\n\n<div class=\"wp-block-columns is-layout-flex wp-container-core-columns-layout-3 wp-block-columns-is-layout-flex\">\n<div class=\"wp-block-column is-vertically-aligned-center is-layout-flow wp-block-column-is-layout-flow\" style=\"flex-basis:100%\">\n<h2 class=\"wp-block-heading\">\u00bfCuanto cuesta?<\/h2>\n\n\n\n<p class=\"has-medium-font-size\">Cada proyecto tiene un precio individual orientado a sus objetivos y alcances. Sus funciones pueden diferir significativamente seg\u00fan el tipo de negocio y audiencia. Sin embargo, para que tenga una idea de cu\u00e1nto puede costar un sitio web profesional, a continuaci\u00f3n presentamos los rangos de precios para dos tipos de servicio de creaci\u00f3n de sitios web: p\u00e1ginas web informativas (sin m\u00f3dulo de comercio electr\u00f3nico) y tiendas web \u00f3 e-commerce.<\/p>\n<\/div>\n<\/div>\n\n\n\n<div class=\"wp-block-columns is-layout-flex wp-container-core-columns-layout-4 wp-block-columns-is-layout-flex\">\n<div class=\"wp-block-column price-colums is-layout-flow wp-block-column-is-layout-flow\">\n<figure class=\"wp-block-pullquote is-style-solid-color\"><blockquote><p>3,400$MX &#8211; 6,600$MX<\/p><cite><strong>Websites<\/strong><\/cite><\/blockquote><\/figure>\n\n\n\n<p class=\"has-normal-font-size\">\u2013 Ayuda en la elecci\u00f3n de un nombre de dominio y hosting (alojamiento web).<br>\u2013 Instalaci\u00f3n, configuraci\u00f3n y optimizaci\u00f3n de WordPress en el servidor seleccionado<br>\u2013 Creaci\u00f3n de sitio web de acuerdo con un proyecto y marca seleccionados<br>\u2013 Im\u00e1genes y gr\u00e1ficos de stock<br>\u2013 Colocaci\u00f3n de contenido en el sitio<br>\u2013 Integraci\u00f3n de m\u00f3dulos como formularios de contacto de varios pasos o multi idioma<br>\u2013 Integraci\u00f3n completa con Google Analytics o Matomo<br>\u2013 SEO optimizado<br>\u2013 Reuni\u00f3n instructiva en l\u00ednea despu\u00e9s de la entrega del proyecto.<\/p>\n<\/div>\n\n\n\n<div class=\"wp-block-column price-colums is-layout-flow wp-block-column-is-layout-flow\">\n<figure class=\"wp-block-pullquote is-style-solid-color\"><blockquote><p>7,900$MX &#8211; 19,900$Mx<\/p><cite><strong>Ecommerce<\/strong><\/cite><\/blockquote><\/figure>\n\n\n\n<p class=\"has-normal-font-size\">\u2013 Ayuda para elegir un nombre de dominio y hosting (tarifas por los primeros dos a\u00f1o de hosting y un a\u00f1o de dominio incluidos)<br>\u2013 Instalaci\u00f3n, configuraci\u00f3n y optimizaci\u00f3n de WordPress en el servidor seleccionado<br>\u2013 Creaci\u00f3n de sitio web de acuerdo con un proyecto y marca seleccionados<br>\u2013 Im\u00e1genes y gr\u00e1ficos de stock<br>\u2013 Colocaci\u00f3n de contenido (40 \u2013 300 productos en la tienda)<br>\u2013 Integraci\u00f3n de m\u00f3dulos adicionales \/ requeridos como: opciones adicionales de productos, multi idioma, chat en l\u00ednea, medios de pago (paypal, stripe o requerido \/ adecuado), formularios de contacto muti pasos, mapas, etc. <br>\u2013 Integraci\u00f3n completa con Google Analytics \u00f3 Matomo<br>\u2013 SEO optimizado<br>\u2013 Reuni\u00f3n instructiva en l\u00ednea despu\u00e9s de la entrega del proyecto.<\/p>\n<\/div>\n<\/div>\n<\/div><\/div>\n","protected":false},"excerpt":{"rendered":"<p>Motivados por la versatilidad, aprendizaje y los desaf\u00edos constantes del proceso creativo dentro del mundo del dise\u00f1o multimedia \u2013 hemos aprendido a escuchar y estudiar las necesidades de comunicaci\u00f3n para dise\u00f1ar y distribuir soluciones en canales h\u00edbridos a diferentes audiencias. Nos hemos especializado en la creaci\u00f3n de sitios web durante m\u00e1s de 5 a\u00f1os y [&hellip;]<\/p>\n","protected":false},"author":1,"featured_media":977,"parent":0,"menu_order":12,"comment_status":"closed","ping_status":"closed","template":"","meta":{"footnotes":""},"acf":[],"_links":{"self":[{"href":"https:\/\/newcreativebrand.com\/es\/wp-json\/wp\/v2\/pages\/9500"}],"collection":[{"href":"https:\/\/newcreativebrand.com\/es\/wp-json\/wp\/v2\/pages"}],"about":[{"href":"https:\/\/newcreativebrand.com\/es\/wp-json\/wp\/v2\/types\/page"}],"author":[{"embeddable":true,"href":"https:\/\/newcreativebrand.com\/es\/wp-json\/wp\/v2\/users\/1"}],"replies":[{"embeddable":true,"href":"https:\/\/newcreativebrand.com\/es\/wp-json\/wp\/v2\/comments?post=9500"}],"version-history":[{"count":3,"href":"https:\/\/newcreativebrand.com\/es\/wp-json\/wp\/v2\/pages\/9500\/revisions"}],"predecessor-version":[{"id":9699,"href":"https:\/\/newcreativebrand.com\/es\/wp-json\/wp\/v2\/pages\/9500\/revisions\/9699"}],"wp:featuredmedia":[{"embeddable":true,"href":"https:\/\/newcreativebrand.com\/es\/wp-json\/wp\/v2\/media\/977"}],"wp:attachment":[{"href":"https:\/\/newcreativebrand.com\/es\/wp-json\/wp\/v2\/media?parent=9500"}],"curies":[{"name":"wp","href":"https:\/\/api.w.org\/{rel}","templated":true}]}}