{"id":9455,"date":"2020-10-07T09:49:01","date_gmt":"2020-10-07T09:49:01","guid":{"rendered":"https:\/\/www.newcreativebrand.com\/?page_id=9455"},"modified":"2020-10-16T15:49:41","modified_gmt":"2020-10-16T15:49:41","slug":"politica-de-privacidad","status":"publish","type":"page","link":"https:\/\/newcreativebrand.com\/es\/politica-de-privacidad\/","title":{"rendered":"Pol\u00edtica de Privacidad"},"content":{"rendered":"\n<div class=\"wp-block-group\"><div class=\"wp-block-group__inner-container is-layout-flow wp-block-group-is-layout-flow\">\n<div class=\"cli_pg_page_contaner\">\n<h3>Acerca de esta pol\u00edtica<\/h3>\n<p>Esta informaci\u00f3n acerca de privacidad y el uso de informaci\u00f3n compartida entre t\u00fa (usuario o cliente) y nosotros (proveedor de sevicios de arte multimedia).\u00a0 Tabi\u00e9n explica qu\u00e9 son las cookies y c\u00f3mo las usamos. Debes leer esta informaci\u00f3n para comprender el uso y tipo de informaci\u00f3n y cookies que usamos y el control que tienes sobre esto. En cualquier momento puedes cambiar o retirar los consentimientos de esta declaraci\u00f3n de cookies en nuestro sitio web: <a href=\"http:\/\/newcreativebrand.com\/all\/\">www.newcreativebrand.com<\/a><\/p>\n<p>Est\u00e1tus de consentimiento actual: \u00ab<div class=\"cli_user_consent_state\">Tu estado actual: No se ha dado el consentimiento. <a class=\"cli_manage_current_consent\" style=\"cursor:pointer;text-decoration:underline;\">Gestiona tu consentimiento.<\/a> <\/div>\u00ab<\/p>\n<h3>Mensajes enviados v\u00eda formulario de contacto<\/h3>\n<div>\n<p>La informaci\u00f3n obtenida durante el uso de nuestra forma de contacto es utilizada para fines exclusivos de desarrollo de tu propuesta de colaboraci\u00f3n.\u00a0 En ning\u00fan momento esta informaci\u00f3n es compartida a terceras partes y es borrada si no continuamos establecemos una colaboraci\u00f3n, esta puede ser borarada de inmediato a tu petici\u00f3n.<\/p>\n<\/div>\n<p>\u00a0<\/p>\n<h3>\u00bfQu\u00e9 son las cookies?<\/h3>\n<div>\n<p>Las cookies son peque\u00f1os archivos de texto que se utilizan para almacenar peque\u00f1os fragmentos de informaci\u00f3n. Las cookies se almacenan en tu dispositivo cuando el sitio web se carga en tu navegador. Por ahora estas cookies nos ayudan a hacer que el sitio web funcione correctamente , posicionarnos, hacer que el sitio web sea m\u00e1s seguro\u00a0 y brindarte una mejor experiencia. Por otro lado nos ayuda a comprender c\u00f3mo funciona el sitio, podemos analizar la experiencia y mejorarla.<\/p>\n<\/div>\n<h3>\u00a0<\/h3>\n<h3>\u00bfC\u00f3mo usamos estas cookies ?<\/h3>\n<div>\n<p>Exclusivamente para mejora la experiencia de uso. Las cookies presentes en nuestro sitio no son necesarias para el funcionamiento del mismo. Estas no recopilan ninguno de sus datos de identificaci\u00f3n personal.<\/p>\n<p>Las cookies de terceros utilizadas en nuestros sitios web se utilizan principalmente para comprender c\u00f3mo funciona el sitio web, c\u00f3mo interact\u00faa con nuestro sitio web, mantener nuestros servicios seguros y ayudar a acelerar sus interacciones futuras con nuestro sitio web<\/p>\n<\/div>\n<h3>\u00a0<\/h3>\n<h3>\u00bfQu\u00e9 tipo de cookies utilizamos ?<\/h3>\n<p>Estad\u00edsticas: estas cookies almacenan informaci\u00f3n como el n\u00famero de visitantes al sitio web, el n\u00famero de visitantes \u00fanicos, qu\u00e9 p\u00e1ginas del sitio web se han visitado, la fuente de la visita, etc. Estos datos nos ayudan a comprender y analizar qu\u00e9 tan bien funciona el sitio web y donde necesita mejorar.<\/p>\n<p>Funcional: Son las cookies que ayudan a ciertas funcionalidades no esenciales en nuestro sitio web. Estas funcionalidades incluyen incrustar contenido como videos o compartir contenido en el sitio web en plataformas de redes sociales.<\/p>\n<p>\u00a0<\/p>\n<p>La siguiente lista detalla las cookies utilizadas en nuestro sitio web.<\/p><table class=\"cookielawinfo-row-cat-table cookielawinfo-classic\"><thead><tr><th class=\"cookielawinfo-column-1\">Cookie<\/th><th class=\"cookielawinfo-column-2\">Tipo<\/th><th class=\"cookielawinfo-column-3\">Duraci\u00f3n<\/th><th class=\"cookielawinfo-column-4\">Descripci\u00f3n<\/th><\/tr><\/thead><tbody><tr class=\"cookielawinfo-row\"><td class=\"cookielawinfo-column-1\">_gid<\/td><td class=\"cookielawinfo-column-2\">Estad\u00edstica<\/td><td class=\"cookielawinfo-column-3\">1 d\u00eda<\/td><td class=\"cookielawinfo-column-4\">Esta cookie es instalada por Google Analytics. La cookie se utiliza para almacenar informaci\u00f3n sobre c\u00f3mo los visitantes usan un sitio web y ayuda a crear un informe anal\u00edtico de c\u00f3mo est\u00e1 funcionando el sitio web. Los datos recopilados, incluido el n\u00famero de visitantes, la fuente de donde provienen y las p\u00e1ginas, aparecen de forma an\u00f3nima.<\/td><\/tr><\/tbody><\/table>\n<\/div>\n<div class=\"cli_pg_page_contaner\">\n<h3>\u00a0<\/h3>\n<h3>\u00bfC\u00f3mo puedo controlar las preferencias de las cookies?<\/h3>\n<div>\n<p>Si decides cambiar tus preferencias m\u00e1s adelante a trav\u00e9s de tu sesi\u00f3n de navegaci\u00f3n, puedes hacer clic en la pesta\u00f1a de la parte inferior \u00abConfiguraci\u00f3n de privacidad\u00bb en tu pantalla. Esto mostrar\u00e1 el aviso de consentimiento nuevamente, lo que le permitir\u00e1 cambiar las preferencias o retirar el consentimiento por completo.<\/p>\n<p>Adem\u00e1s de esto, diferentes navegadores proporcionan diferentes m\u00e9todos para bloquear y eliminar las cookies utilizadas por los sitios web. Puede cambiar la configuraci\u00f3n de tu navegador para bloquear \/ eliminar las cookies. Para obtener m\u00e1s informaci\u00f3n sobre c\u00f3mo administrar y eliminar cookies, visita\u00a0<a href=\"https:\/\/en.wikipedia.org\/wiki\/HTTP_cookie\" target=\"_blank\" rel=\"nofollow noopener noreferrer\">wikipedia.org<\/a>, <a href=\"http:\/\/www.allaboutcookies.org\/\" target=\"_blank\" rel=\"nofollow noopener noreferrer\">www.allaboutcookies.org.<\/a><\/p>\n<\/div>\n<\/div>\n<\/div><\/div>\n","protected":false},"excerpt":{"rendered":"<p>Acerca de esta pol\u00edtica Esta informaci\u00f3n acerca de privacidad y el uso de informaci\u00f3n compartida entre t\u00fa (usuario o cliente) y nosotros (proveedor de sevicios de arte multimedia).\u00a0 Tabi\u00e9n explica qu\u00e9 son las cookies y c\u00f3mo las usamos. Debes leer esta informaci\u00f3n para comprender el uso y tipo de informaci\u00f3n y cookies que usamos y [&hellip;]<\/p>\n","protected":false},"author":1,"featured_media":8153,"parent":0,"menu_order":3,"comment_status":"closed","ping_status":"closed","template":"","meta":{"footnotes":""},"acf":[],"_links":{"self":[{"href":"https:\/\/newcreativebrand.com\/es\/wp-json\/wp\/v2\/pages\/9455"}],"collection":[{"href":"https:\/\/newcreativebrand.com\/es\/wp-json\/wp\/v2\/pages"}],"about":[{"href":"https:\/\/newcreativebrand.com\/es\/wp-json\/wp\/v2\/types\/page"}],"author":[{"embeddable":true,"href":"https:\/\/newcreativebrand.com\/es\/wp-json\/wp\/v2\/users\/1"}],"replies":[{"embeddable":true,"href":"https:\/\/newcreativebrand.com\/es\/wp-json\/wp\/v2\/comments?post=9455"}],"version-history":[{"count":0,"href":"https:\/\/newcreativebrand.com\/es\/wp-json\/wp\/v2\/pages\/9455\/revisions"}],"wp:featuredmedia":[{"embeddable":true,"href":"https:\/\/newcreativebrand.com\/es\/wp-json\/wp\/v2\/media\/8153"}],"wp:attachment":[{"href":"https:\/\/newcreativebrand.com\/es\/wp-json\/wp\/v2\/media?parent=9455"}],"curies":[{"name":"wp","href":"https:\/\/api.w.org\/{rel}","templated":true}]}}