{"id":9305,"date":"2020-09-25T17:45:03","date_gmt":"2020-09-25T17:45:03","guid":{"rendered":"https:\/\/www.newcreativebrand.com\/?page_id=9305"},"modified":"2020-10-23T11:30:22","modified_gmt":"2020-10-23T11:30:22","slug":"branding","status":"publish","type":"page","link":"https:\/\/newcreativebrand.com\/es\/branding\/","title":{"rendered":"Branding"},"content":{"rendered":"\n<div class=\"wp-block-group group-padd-09\"><div class=\"wp-block-group__inner-container is-layout-flow wp-block-group-is-layout-flow\">\n<p class=\"has-medium-font-size\">Podemos decir con seguridad que el dise\u00f1o de marca o branding es una de nuestra actividades favoritas ya que amplia nuestros conocimientos en nuevas industrias y demanda nuevas habilidades para ofrecerle ideas innovadoras traducidas en proyectos que no se pueden ignorar. Ofrecemos un proceso de dise\u00f1o profesional que le proporcionar\u00e1 un dise\u00f1o de marca fuerte y competitiva (<a href=\"http:\/\/newcreativebrand.com\/en\" class=\"rank-math-link\"><strong>portafolio<\/strong>)<\/a>.<\/p>\n\n\n\n<figure class=\"wp-block-gallery aligncenter columns-3 is-cropped wp-block-gallery-1 is-layout-flex wp-block-gallery-is-layout-flex\"><ul class=\"blocks-gallery-grid\"><li class=\"blocks-gallery-item\"><figure><img loading=\"lazy\" decoding=\"async\" width=\"1024\" height=\"577\" src=\"http:\/\/newcreativebrand.com\/wp-content\/uploads\/2017\/10\/innme-logo-design-_by_newcreativebrandstudio-1024x577.png\" alt=\"\" data-id=\"7707\" data-full-url=\"http:\/\/newcreativebrand.com\/wp-content\/uploads\/2017\/10\/innme-logo-design-_by_newcreativebrandstudio.png\" data-link=\"http:\/\/newcreativebrand.com\/works\/innme\/innme-logo-design-_by_newcreativebrandstudio\/\" class=\"wp-image-7707\" srcset=\"https:\/\/newcreativebrand.com\/wp-content\/uploads\/2017\/10\/innme-logo-design-_by_newcreativebrandstudio-1024x577.png 1024w, https:\/\/newcreativebrand.com\/wp-content\/uploads\/2017\/10\/innme-logo-design-_by_newcreativebrandstudio-300x169.png 300w, https:\/\/newcreativebrand.com\/wp-content\/uploads\/2017\/10\/innme-logo-design-_by_newcreativebrandstudio-768x433.png 768w, https:\/\/newcreativebrand.com\/wp-content\/uploads\/2017\/10\/innme-logo-design-_by_newcreativebrandstudio-880x496.png 880w, https:\/\/newcreativebrand.com\/wp-content\/uploads\/2017\/10\/innme-logo-design-_by_newcreativebrandstudio.png 1100w\" sizes=\"(max-width: 1024px) 100vw, 1024px\" \/><\/figure><\/li><li class=\"blocks-gallery-item\"><figure><img loading=\"lazy\" decoding=\"async\" width=\"1024\" height=\"737\" src=\"http:\/\/newcreativebrand.com\/wp-content\/uploads\/2017\/07\/ocureliti-logo-design-by-newcreativebrand-studio-1024x737.jpeg\" alt=\"\" data-id=\"7759\" data-full-url=\"http:\/\/newcreativebrand.com\/wp-content\/uploads\/2017\/07\/ocureliti-logo-design-by-newcreativebrand-studio.jpeg\" data-link=\"http:\/\/newcreativebrand.com\/works\/ocureliti\/ocureliti-logo-design-by-newcreativebrand-studio\/\" class=\"wp-image-7759\" srcset=\"https:\/\/newcreativebrand.com\/wp-content\/uploads\/2017\/07\/ocureliti-logo-design-by-newcreativebrand-studio-1024x737.jpeg 1024w, https:\/\/newcreativebrand.com\/wp-content\/uploads\/2017\/07\/ocureliti-logo-design-by-newcreativebrand-studio-300x216.jpeg 300w, https:\/\/newcreativebrand.com\/wp-content\/uploads\/2017\/07\/ocureliti-logo-design-by-newcreativebrand-studio-768x553.jpeg 768w, https:\/\/newcreativebrand.com\/wp-content\/uploads\/2017\/07\/ocureliti-logo-design-by-newcreativebrand-studio-880x634.jpeg 880w, https:\/\/newcreativebrand.com\/wp-content\/uploads\/2017\/07\/ocureliti-logo-design-by-newcreativebrand-studio.jpeg 1100w\" sizes=\"(max-width: 1024px) 100vw, 1024px\" \/><\/figure><\/li><li class=\"blocks-gallery-item\"><figure><img loading=\"lazy\" decoding=\"async\" width=\"1024\" height=\"577\" src=\"http:\/\/newcreativebrand.com\/wp-content\/uploads\/2017\/10\/ipak-logo-design-by-newcreativebrand-studio-1024x577.png\" alt=\"\" data-id=\"7722\" data-full-url=\"http:\/\/newcreativebrand.com\/wp-content\/uploads\/2017\/10\/ipak-logo-design-by-newcreativebrand-studio.png\" data-link=\"http:\/\/newcreativebrand.com\/works\/ipak\/ipak-logo-design-by-newcreativebrand-studio\/\" class=\"wp-image-7722\" srcset=\"https:\/\/newcreativebrand.com\/wp-content\/uploads\/2017\/10\/ipak-logo-design-by-newcreativebrand-studio-1024x577.png 1024w, https:\/\/newcreativebrand.com\/wp-content\/uploads\/2017\/10\/ipak-logo-design-by-newcreativebrand-studio-300x169.png 300w, https:\/\/newcreativebrand.com\/wp-content\/uploads\/2017\/10\/ipak-logo-design-by-newcreativebrand-studio-768x433.png 768w, https:\/\/newcreativebrand.com\/wp-content\/uploads\/2017\/10\/ipak-logo-design-by-newcreativebrand-studio-880x496.png 880w, https:\/\/newcreativebrand.com\/wp-content\/uploads\/2017\/10\/ipak-logo-design-by-newcreativebrand-studio.png 1100w\" sizes=\"(max-width: 1024px) 100vw, 1024px\" \/><\/figure><\/li><li class=\"blocks-gallery-item\"><figure><img loading=\"lazy\" decoding=\"async\" width=\"1024\" height=\"745\" src=\"http:\/\/newcreativebrand.com\/wp-content\/uploads\/2017\/10\/embetech-logo-design-_by_newcreativebrandstudio-1-1024x745.jpg\" alt=\"\" data-id=\"7686\" data-full-url=\"http:\/\/newcreativebrand.com\/wp-content\/uploads\/2017\/10\/embetech-logo-design-_by_newcreativebrandstudio-1.jpg\" data-link=\"http:\/\/newcreativebrand.com\/works\/embetech\/embetech-logo-design-_by_newcreativebrandstudio-1\/\" class=\"wp-image-7686\" srcset=\"https:\/\/newcreativebrand.com\/wp-content\/uploads\/2017\/10\/embetech-logo-design-_by_newcreativebrandstudio-1-1024x745.jpg 1024w, https:\/\/newcreativebrand.com\/wp-content\/uploads\/2017\/10\/embetech-logo-design-_by_newcreativebrandstudio-1-300x218.jpg 300w, https:\/\/newcreativebrand.com\/wp-content\/uploads\/2017\/10\/embetech-logo-design-_by_newcreativebrandstudio-1-768x559.jpg 768w, https:\/\/newcreativebrand.com\/wp-content\/uploads\/2017\/10\/embetech-logo-design-_by_newcreativebrandstudio-1-880x640.jpg 880w, https:\/\/newcreativebrand.com\/wp-content\/uploads\/2017\/10\/embetech-logo-design-_by_newcreativebrandstudio-1.jpg 1100w\" sizes=\"(max-width: 1024px) 100vw, 1024px\" \/><\/figure><\/li><li class=\"blocks-gallery-item\"><figure><img loading=\"lazy\" decoding=\"async\" width=\"1024\" height=\"791\" src=\"http:\/\/newcreativebrand.com\/wp-content\/uploads\/2015\/09\/logo_blue-core-1-1024x791.jpg\" alt=\"\" data-id=\"752\" data-full-url=\"http:\/\/newcreativebrand.com\/wp-content\/uploads\/2015\/09\/logo_blue-core-1.jpg\" data-link=\"http:\/\/newcreativebrand.com\/works\/blue-core\/logo_blue-core-1\/\" class=\"wp-image-752\" srcset=\"https:\/\/newcreativebrand.com\/wp-content\/uploads\/2015\/09\/logo_blue-core-1-1024x791.jpg 1024w, https:\/\/newcreativebrand.com\/wp-content\/uploads\/2015\/09\/logo_blue-core-1-300x232.jpg 300w, https:\/\/newcreativebrand.com\/wp-content\/uploads\/2015\/09\/logo_blue-core-1-768x593.jpg 768w, https:\/\/newcreativebrand.com\/wp-content\/uploads\/2015\/09\/logo_blue-core-1-880x680.jpg 880w, https:\/\/newcreativebrand.com\/wp-content\/uploads\/2015\/09\/logo_blue-core-1.jpg 1100w\" sizes=\"(max-width: 1024px) 100vw, 1024px\" \/><\/figure><\/li><li class=\"blocks-gallery-item\"><figure><img loading=\"lazy\" decoding=\"async\" width=\"1024\" height=\"745\" src=\"http:\/\/newcreativebrand.com\/wp-content\/uploads\/2017\/10\/durajs-wood-logo-design-_by_newcreativebrandstudio-1-1024x745.jpeg\" alt=\"\" data-id=\"7670\" data-full-url=\"http:\/\/newcreativebrand.com\/wp-content\/uploads\/2017\/10\/durajs-wood-logo-design-_by_newcreativebrandstudio-1.jpeg\" data-link=\"http:\/\/newcreativebrand.com\/works\/durajs-wood\/durajs-wood-logo-design-_by_newcreativebrandstudio-1\/\" class=\"wp-image-7670\" srcset=\"https:\/\/newcreativebrand.com\/wp-content\/uploads\/2017\/10\/durajs-wood-logo-design-_by_newcreativebrandstudio-1-1024x745.jpeg 1024w, https:\/\/newcreativebrand.com\/wp-content\/uploads\/2017\/10\/durajs-wood-logo-design-_by_newcreativebrandstudio-1-300x218.jpeg 300w, https:\/\/newcreativebrand.com\/wp-content\/uploads\/2017\/10\/durajs-wood-logo-design-_by_newcreativebrandstudio-1-768x559.jpeg 768w, https:\/\/newcreativebrand.com\/wp-content\/uploads\/2017\/10\/durajs-wood-logo-design-_by_newcreativebrandstudio-1-880x640.jpeg 880w, https:\/\/newcreativebrand.com\/wp-content\/uploads\/2017\/10\/durajs-wood-logo-design-_by_newcreativebrandstudio-1.jpeg 1100w\" sizes=\"(max-width: 1024px) 100vw, 1024px\" \/><\/figure><\/li><\/ul><\/figure>\n<\/div><\/div>\n\n\n\n<div class=\"wp-block-columns is-layout-flex wp-container-core-columns-layout-3 wp-block-columns-is-layout-flex\">\n<div class=\"wp-block-column is-layout-flow wp-block-column-is-layout-flow\">\n<div style=\"height:50px\" aria-hidden=\"true\" class=\"wp-block-spacer\"><\/div>\n\n\n\n<div class=\"wp-block-group has-white-color has-black-background-color has-text-color has-background\"><div class=\"wp-block-group__inner-container is-layout-flow wp-block-group-is-layout-flow\">\n<div class=\"wp-block-columns is-layout-flex wp-container-core-columns-layout-1 wp-block-columns-is-layout-flex\">\n<div class=\"wp-block-column is-layout-flow wp-block-column-is-layout-flow\" style=\"flex-basis:100%\">\n<h2 class=\"has-text-align-center has-white-color has-text-color wp-block-heading\">\u00bfQu\u00e9 hacemos exactamente?<\/h2>\n\n\n\n<p class=\"has-medium-font-size\">Nuestro equipo puede crear para usted todos aquellos elementos que juntos integran un valor de imagen  de marca coherente con sus audiencias y valores de su empresa: logotipos, etiquetas,  visualizaciones, presentaciones multimedia,  libros de marca, \u00f3 membretes \u00f3 tarjetas de presentaci\u00f3n (<a href=\"http:\/\/newcreativebrand.com\/es\/paginas-web\" rel=\"nofollow\" class=\"rank-math-link\"><em>virtuales<\/em> \/ sitios web, tiendas \u00f3 micrositios<\/a>).<\/p>\n\n\n\n<p class=\"has-medium-font-size\">Tambi\u00e9n podemos ayudarle a elegir un nombre de marca y en la posterior promoci\u00f3n de sus productos o servicios mediante campa\u00f1as internas de comunicaci\u00f3n o <a href=\"http:\/\/newcreativebrand.com\/es\/publicidad-en-google-ads\/\" rel=\"nofollow\" class=\"rank-math-link\">campa\u00f1as de publicidad en google ads<\/a>.<\/p>\n<\/div>\n<\/div>\n\n\n\n<div class=\"wp-block-columns is-layout-flex wp-container-core-columns-layout-2 wp-block-columns-is-layout-flex\">\n<div class=\"wp-block-column price-colums is-layout-flow wp-block-column-is-layout-flow\" style=\"flex-basis:46.67%\">\n<h2 class=\"has-white-color has-text-color wp-block-heading\"><strong>Dise\u00f1o de Logo<\/strong>tipos<\/h2>\n\n\n\n\n<section\n        class=\"brand-client title-sub \" >\n    <div class=\"container\">\n\n        <div class=\"one-title\"><div class=\"title-sub-container\"><p class=\"title-sub\" >1,700$MX<\/p><\/div><\/div>\n\n        <div class=\"wapper-client\">\n\n\n            \n        <\/div>\n    <\/div>\n<\/section>\n\n\n<p>Cuando decidas crear un logo en NCB studio, recibir\u00e1s todos los elementos que te permitir\u00e1n utilizar el logo en materiales impresos o digitales. El paquete incluye:<\/p>\n\n\n\n<p>\u2013 Al menos 3 sugerencias de logotipos<br>\u2013 Visualizaci\u00f3n del logotipo (es decir, c\u00f3mo se ver\u00e1 su logotipo en camisetas, tarjetas de visita, membretes o, por ejemplo, una taza)<br>\u2013 Archivos vectoriales editables: .eps y .ai<br>\u2013 Archivos de destino: .png, .jpg y .pdf<br>\u2013 Colores: CMYK (para imprimir) y RGB (para uso digital)<br>\u2013 Logotipo en colores gris y blanco en formatos .png, .jpg y .pdf<\/p>\n\n\n\n<p><\/p>\n<\/div>\n\n\n\n<div class=\"wp-block-column price-colums is-layout-flow wp-block-column-is-layout-flow\" style=\"flex-basis:46.67%\">\n<h2 class=\"has-white-color has-text-color wp-block-heading\">Dise\u00f1o de Papeler\u00eda <\/h2>\n\n\n\n\n<section\n        class=\"brand-client title-sub \" >\n    <div class=\"container\">\n\n        <div class=\"one-title\"><div class=\"title-sub-container\"><p class=\"title-sub\" >750$MX<\/p><\/div><\/div>\n\n        <div class=\"wapper-client\">\n\n\n            \n        <\/div>\n    <\/div>\n<\/section>\n\n\n<p>Adem\u00e1s del dise\u00f1o del logotipo, su empresa tambi\u00e9n necesitar\u00e1 tarjetas de presentaci\u00f3n, sobres y membretes, que no solo servir\u00e1n de base para las facturas emitidas, sino que tambi\u00e9n se utilizar\u00e1n para preparar ofertas o documentos. Al solicitar material de oficina de la empresa en el paquete, recibir\u00e1:<\/p>\n\n\n\n<p>\u2013 Dise\u00f1o de tarjetas de visita a una o dos caras en el formato seleccionado<br>\u2013 Dise\u00f1o de membrete A4<br>\u2013 Dise\u00f1o de sobre de empresa en cualquier formato<br>\u2013 Visualizaci\u00f3n de todos los elementos de la papeler\u00eda corporativa<br>\u2013 Archivos de origen (.ai y .eps) y archivos preparados para imprimir (.pdf)<\/p>\n<\/div>\n<\/div>\n\n\n\n<figure class=\"wp-block-gallery columns-4 is-cropped wp-block-gallery-2 is-layout-flex wp-block-gallery-is-layout-flex\"><ul class=\"blocks-gallery-grid\"><li class=\"blocks-gallery-item\"><figure><img loading=\"lazy\" decoding=\"async\" width=\"880\" height=\"680\" src=\"http:\/\/newcreativebrand.com\/wp-content\/uploads\/2020\/09\/szy-szy-logo-design.jpg\" alt=\"\" data-id=\"8645\" data-full-url=\"http:\/\/newcreativebrand.com\/wp-content\/uploads\/2020\/09\/szy-szy-logo-design.jpg\" data-link=\"http:\/\/newcreativebrand.com\/szy-szy-logo-design\/\" class=\"wp-image-8645\" srcset=\"https:\/\/newcreativebrand.com\/wp-content\/uploads\/2020\/09\/szy-szy-logo-design.jpg 880w, https:\/\/newcreativebrand.com\/wp-content\/uploads\/2020\/09\/szy-szy-logo-design-300x232.jpg 300w, https:\/\/newcreativebrand.com\/wp-content\/uploads\/2020\/09\/szy-szy-logo-design-768x593.jpg 768w\" sizes=\"(max-width: 880px) 100vw, 880px\" \/><\/figure><\/li><li class=\"blocks-gallery-item\"><figure><img loading=\"lazy\" decoding=\"async\" width=\"1024\" height=\"745\" src=\"http:\/\/newcreativebrand.com\/wp-content\/uploads\/2017\/08\/jms-audyt-logo-design-by-newcreativebrand-studio-1-1024x745.jpeg\" alt=\"\" data-id=\"7727\" data-full-url=\"http:\/\/newcreativebrand.com\/wp-content\/uploads\/2017\/08\/jms-audyt-logo-design-by-newcreativebrand-studio-1.jpeg\" data-link=\"http:\/\/newcreativebrand.com\/works\/jms-audyt\/jms-audyt-logo-design-by-newcreativebrand-studio-1\/\" class=\"wp-image-7727\" srcset=\"https:\/\/newcreativebrand.com\/wp-content\/uploads\/2017\/08\/jms-audyt-logo-design-by-newcreativebrand-studio-1-1024x745.jpeg 1024w, https:\/\/newcreativebrand.com\/wp-content\/uploads\/2017\/08\/jms-audyt-logo-design-by-newcreativebrand-studio-1-300x218.jpeg 300w, https:\/\/newcreativebrand.com\/wp-content\/uploads\/2017\/08\/jms-audyt-logo-design-by-newcreativebrand-studio-1-768x559.jpeg 768w, https:\/\/newcreativebrand.com\/wp-content\/uploads\/2017\/08\/jms-audyt-logo-design-by-newcreativebrand-studio-1-880x640.jpeg 880w, https:\/\/newcreativebrand.com\/wp-content\/uploads\/2017\/08\/jms-audyt-logo-design-by-newcreativebrand-studio-1.jpeg 1100w\" sizes=\"(max-width: 1024px) 100vw, 1024px\" \/><\/figure><\/li><li class=\"blocks-gallery-item\"><figure><img loading=\"lazy\" decoding=\"async\" width=\"1024\" height=\"791\" src=\"http:\/\/newcreativebrand.com\/wp-content\/uploads\/2015\/06\/logo_suplegro-1024x791.jpg\" alt=\"\" data-id=\"7479\" data-full-url=\"http:\/\/newcreativebrand.com\/wp-content\/uploads\/2015\/06\/logo_suplegro.jpg\" data-link=\"http:\/\/newcreativebrand.com\/logo_suplegro\/\" class=\"wp-image-7479\" srcset=\"https:\/\/newcreativebrand.com\/wp-content\/uploads\/2015\/06\/logo_suplegro-1024x791.jpg 1024w, https:\/\/newcreativebrand.com\/wp-content\/uploads\/2015\/06\/logo_suplegro-300x232.jpg 300w, https:\/\/newcreativebrand.com\/wp-content\/uploads\/2015\/06\/logo_suplegro-768x593.jpg 768w, https:\/\/newcreativebrand.com\/wp-content\/uploads\/2015\/06\/logo_suplegro-880x680.jpg 880w, https:\/\/newcreativebrand.com\/wp-content\/uploads\/2015\/06\/logo_suplegro.jpg 1100w\" sizes=\"(max-width: 1024px) 100vw, 1024px\" \/><\/figure><\/li><li class=\"blocks-gallery-item\"><figure><img loading=\"lazy\" decoding=\"async\" width=\"880\" height=\"681\" src=\"http:\/\/newcreativebrand.com\/wp-content\/uploads\/2020\/09\/parola-logo-design.jpg\" alt=\"Logo design\" data-id=\"8644\" data-full-url=\"http:\/\/newcreativebrand.com\/wp-content\/uploads\/2020\/09\/parola-logo-design.jpg\" data-link=\"http:\/\/newcreativebrand.com\/parola-logo-design\/\" class=\"wp-image-8644\" srcset=\"https:\/\/newcreativebrand.com\/wp-content\/uploads\/2020\/09\/parola-logo-design.jpg 880w, https:\/\/newcreativebrand.com\/wp-content\/uploads\/2020\/09\/parola-logo-design-300x232.jpg 300w, https:\/\/newcreativebrand.com\/wp-content\/uploads\/2020\/09\/parola-logo-design-768x594.jpg 768w\" sizes=\"(max-width: 880px) 100vw, 880px\" \/><\/figure><\/li><\/ul><\/figure>\n\n\n\n<div style=\"height:100px\" aria-hidden=\"true\" class=\"wp-block-spacer\"><\/div>\n<\/div><\/div>\n<\/div>\n<\/div>\n\n\n\n<div style=\"height:40px\" aria-hidden=\"true\" class=\"wp-block-spacer\"><\/div>\n\n\n\n<div class=\"wp-block-group group-padd-09\"><div class=\"wp-block-group__inner-container is-layout-flow wp-block-group-is-layout-flow\">\n<h2 class=\"has-text-align-center wp-block-heading\">Carpetas, libros de marca, material promocional<\/h2>\n\n\n\n<p class=\"has-medium-font-size\">Para crear una imagen coherente de su empresa, es posible que tambi\u00e9n necesite otros materiales como carpetas, un libro de marca o folletos, carteles,  videos o cat\u00e1logos. Probablemente sepa que cada proyecto de este tipo es diverso y requiere una valoraci\u00f3n individual, por lo que podemos discutir todos los detalles individualmente durante una reuni\u00f3n en l\u00ednea o por correo electr\u00f3nico.<\/p>\n<\/div><\/div>\n","protected":false},"excerpt":{"rendered":"<p>Podemos decir con seguridad que el dise\u00f1o de marca o branding es una de nuestra actividades favoritas ya que amplia nuestros conocimientos en nuevas industrias y demanda nuevas habilidades para ofrecerle ideas innovadoras traducidas en proyectos que no se pueden ignorar. Ofrecemos un proceso de dise\u00f1o profesional que le proporcionar\u00e1 un dise\u00f1o de marca fuerte [&hellip;]<\/p>\n","protected":false},"author":1,"featured_media":42,"parent":0,"menu_order":17,"comment_status":"closed","ping_status":"closed","template":"","meta":{"footnotes":""},"acf":[],"_links":{"self":[{"href":"https:\/\/newcreativebrand.com\/es\/wp-json\/wp\/v2\/pages\/9305"}],"collection":[{"href":"https:\/\/newcreativebrand.com\/es\/wp-json\/wp\/v2\/pages"}],"about":[{"href":"https:\/\/newcreativebrand.com\/es\/wp-json\/wp\/v2\/types\/page"}],"author":[{"embeddable":true,"href":"https:\/\/newcreativebrand.com\/es\/wp-json\/wp\/v2\/users\/1"}],"replies":[{"embeddable":true,"href":"https:\/\/newcreativebrand.com\/es\/wp-json\/wp\/v2\/comments?post=9305"}],"version-history":[{"count":3,"href":"https:\/\/newcreativebrand.com\/es\/wp-json\/wp\/v2\/pages\/9305\/revisions"}],"predecessor-version":[{"id":9657,"href":"https:\/\/newcreativebrand.com\/es\/wp-json\/wp\/v2\/pages\/9305\/revisions\/9657"}],"wp:featuredmedia":[{"embeddable":true,"href":"https:\/\/newcreativebrand.com\/es\/wp-json\/wp\/v2\/media\/42"}],"wp:attachment":[{"href":"https:\/\/newcreativebrand.com\/es\/wp-json\/wp\/v2\/media?parent=9305"}],"curies":[{"name":"wp","href":"https:\/\/api.w.org\/{rel}","templated":true}]}}