{"id":9243,"date":"2020-08-26T20:59:07","date_gmt":"2020-08-26T20:59:07","guid":{"rendered":"https:\/\/www.newcreativebrand.com\/?page_id=9243"},"modified":"2020-11-23T15:05:29","modified_gmt":"2020-11-23T15:05:29","slug":"google-ads","status":"publish","type":"page","link":"https:\/\/newcreativebrand.com\/es\/google-ads\/","title":{"rendered":"Google Ads"},"content":{"rendered":"\n<div class=\"wp-block-group group-padd-09\"><div class=\"wp-block-group__inner-container is-layout-flow wp-block-group-is-layout-flow\">\n<p class=\"has-medium-font-size\">En New Creative Brand Studio, sabemos no solo sobre la implementaci\u00f3n de sitios web y dise\u00f1os gr\u00e1ficos para su negocio, sino que gracias a muchos a\u00f1os de experiencia en el campo del marketing online, podemos ofrecerle la creaci\u00f3n y ejecuci\u00f3n de campa\u00f1as publicitarias en Google ADS  &#8211; a medida de su presupuesto. T\u00fa decidir\u00e1s cu\u00e1nto puedes gastar en tu anuncio cada d\u00eda, y desarrollaremos una estrategia de acci\u00f3n adecuada teniendo en cuenta factores como el presupuesto diario, las ubicaciones, los destinatarios o el objetivo de la campa\u00f1a, es decir, lo que queremos conseguir con \u00e9l: ventas, captaci\u00f3n de tr\u00e1fico. popularizaci\u00f3n de sus productos y servicios a trav\u00e9s de diversas funciones que aumentan el reconocimiento de marca.<\/p>\n\n\n\n<p class=\"has-medium-font-size\">Esta oferta est\u00e1 dirigida principalmente a peque\u00f1as y medianas empresas que deseen recibir ayuda para dar sus primeros pasos en el mundo del marketing en Internet o extender sus alas bajo la supervisi\u00f3n de nuestros experimentados especialistas en el campo de la publicidad online.<\/p>\n\n\n\n<p class=\"has-medium-font-size\">Al elegir este servicio, podr\u00e1 contar con soporte en el campo de la creaci\u00f3n y ejecuci\u00f3n de campa\u00f1as de texto, imagen, producto y video. \u00bfEn qu\u00e9 se diferencian estos diferentes tipos de campa\u00f1as? Encontrar\u00e1 la respuesta a esta pregunta a continuaci\u00f3n.<\/p>\n<\/div><\/div>\n\n\n\n<div class=\"wp-block-group mb0 has-white-color has-black-background-color has-text-color has-background\"><div class=\"wp-block-group__inner-container is-layout-flow wp-block-group-is-layout-flow\">\n<h2 class=\"has-text-align-center has-white-color has-text-color wp-block-heading\">Acerca de las campa\u00f1as publicitarias<\/h2>\n\n\n\n<div class=\"wp-block-columns is-layout-flex wp-container-core-columns-layout-1 wp-block-columns-is-layout-flex\">\n<div class=\"wp-block-column ads-search-nework-bg is-layout-flow wp-block-column-is-layout-flow\">\n<h4 class=\"has-white-color has-text-color wp-block-heading\">Campa\u00f1as de la red de b\u00fasqueda<\/h4>\n\n\n\n<div class=\"wp-block-image\"><figure class=\"alignleft size-large\"><img loading=\"lazy\" decoding=\"async\" width=\"96\" height=\"96\" src=\"http:\/\/newcreativebrand.com\/wp-content\/uploads\/icons8-paid-search-96.png\" alt=\"\" class=\"wp-image-9736\"\/><\/figure><\/div>\n\n\n\n<p class=\"has-normal-font-size\">Si elige anunciarse en la Red de b\u00fasqueda de Google, su campa\u00f1a ser\u00e1 elegible para aparecer en la B\u00fasqueda de Google debajo o encima de los resultados de b\u00fasqueda para un t\u00e9rmino asociado con una de sus palabras clave. Gracias a este tipo de campa\u00f1as, podr\u00e1s llegar a destinatarios que est\u00e9n buscando directamente un producto o servicio como el tuyo en el buscador. Las campa\u00f1as en esta red est\u00e1n disponibles en una variedad de formatos y con muchas opciones adicionales, lo que al final nos brinda una forma de publicidad atractiva para pr\u00e1cticamente cualquier tipo de negocio.<\/p>\n\n\n\n<hr class=\"wp-block-separator has-text-color has-background has-luminous-vivid-amber-background-color has-luminous-vivid-amber-color is-style-default\"\/>\n<\/div>\n\n\n\n<div class=\"wp-block-column ads-display-nework-bg is-layout-flow wp-block-column-is-layout-flow\">\n<h4 class=\"has-white-color has-text-color wp-block-heading\">Campa\u00f1as de la Red de Display<\/h4>\n\n\n\n<div class=\"wp-block-image\"><figure class=\"alignleft size-large\"><img loading=\"lazy\" decoding=\"async\" width=\"96\" height=\"96\" src=\"http:\/\/newcreativebrand.com\/wp-content\/uploads\/icons8-google-sites-96.png\" alt=\"\" class=\"wp-image-9735\"\/><\/figure><\/div>\n\n\n\n<p class=\"has-normal-font-size\">La Red de Display de Google est\u00e1 dise\u00f1ada para ayudarlo a encontrar la audiencia adecuada. Sus opciones de orientaci\u00f3n le permiten llegar estrat\u00e9gicamente a clientes potenciales en el lugar y el momento adecuados. Es esta red la que nos da muchas posibilidades en cuanto a formatos de anuncios y lugares en los que podr\u00eda aparecer. Google nos ofrece la opci\u00f3n de crear desde anuncios gr\u00e1ficos est\u00e1ndar a trav\u00e9s de campa\u00f1as de gmail, campa\u00f1as de video y display flexible que se ajustan autom\u00e1ticamente al lugar de la p\u00e1gina donde aparecen.<\/p>\n\n\n\n<hr class=\"wp-block-separator has-text-color has-background has-vivid-cyan-blue-background-color has-vivid-cyan-blue-color is-style-default\"\/>\n<\/div>\n\n\n\n<div class=\"wp-block-column ads-gshopping-bg is-layout-flow wp-block-column-is-layout-flow\">\n<h4 class=\"has-white-color has-text-color wp-block-heading\">Campa\u00f1as de Google Shopping<\/h4>\n\n\n\n<div class=\"wp-block-image\"><figure class=\"alignleft size-large\"><img loading=\"lazy\" decoding=\"async\" width=\"96\" height=\"96\" src=\"http:\/\/newcreativebrand.com\/wp-content\/uploads\/2020\/08\/ic-gs-c.png\" alt=\"\" class=\"wp-image-8345\"\/><\/figure><\/div>\n\n\n\n<p class=\"has-normal-font-size\">Si tienes una tienda online, gracias a las campa\u00f1as de productos podr\u00e1s promocionar tu oferta, incrementar el tr\u00e1fico en tu web o tienda local y llegar a m\u00e1s clientes potenciales. A diferencia de un anuncio de solo texto, su anuncio de Shopping incluir\u00e1 no solo una imagen del producto, sino que tambi\u00e9n incluir\u00e1 t\u00edtulo, precio y nombre de la tienda. Esto permitir\u00e1 al usuario obtener m\u00e1s informaci\u00f3n sobre su producto antes de hacer clic en el anuncio, reduciendo el riesgo de gastar dinero por clic incorrectamente que no tendr\u00e1 ning\u00fan efecto.<\/p>\n\n\n\n<hr class=\"wp-block-separator has-text-color has-background has-vivid-green-cyan-background-color has-vivid-green-cyan-color is-style-default\"\/>\n<\/div>\n<\/div>\n\n\n\n<div style=\"height:66px\" aria-hidden=\"true\" class=\"wp-block-spacer\"><\/div>\n<\/div><\/div>\n\n\n\n<div class=\"wp-block-group group-padd-09\"><div class=\"wp-block-group__inner-container is-layout-flow wp-block-group-is-layout-flow\">\n<div style=\"height:100px\" aria-hidden=\"true\" class=\"wp-block-spacer\"><\/div>\n\n\n\n<h2 class=\"has-text-align-center wp-block-heading\">El valor de nuestra cooperaci\u00f3n<\/h2>\n\n\n\n<p class=\"has-medium-font-size\">Independientemente de la opci\u00f3n que elijas, antes de empezar a trabajar en la publicidad online en Google Ads, analizaremos el producto o servicio que ofreces para preparar la estrategia m\u00e1s adecuada para ti. Iniciar la cooperaci\u00f3n implicar\u00e1 la creaci\u00f3n de una cuenta en Google Ads y su configuraci\u00f3n completa. Lo haremos por usted y le otorgaremos plenos derechos administrativos sobre la cuenta, y usted los completar\u00e1 con los datos de su empresa. \u00ab<strong>La transparencia es muy importante para nosotros en cooperaci\u00f3n, por lo tanto, despu\u00e9s de configurar la cuenta, nos agregar\u00e1 como un usuario que solo tiene privilegios de cuenta est\u00e1ndar que le permiten crear campa\u00f1as, presupuestos, etc., pero evitar, por ejemplo, eliminar otros usuarios, desactivar la cuenta o ingresar cambios en los m\u00e9todos de pago<\/strong>\u00ab.<\/p>\n\n\n\n<div class=\"wp-block-image\"><figure class=\"aligncenter size-large\"><img loading=\"lazy\" decoding=\"async\" width=\"970\" height=\"420\" src=\"http:\/\/newcreativebrand.com\/wp-content\/uploads\/sales-acceleration_engine.png\" alt=\"\" class=\"wp-image-9888\" srcset=\"https:\/\/newcreativebrand.com\/wp-content\/uploads\/sales-acceleration_engine.png 970w, https:\/\/newcreativebrand.com\/wp-content\/uploads\/sales-acceleration_engine-300x130.png 300w, https:\/\/newcreativebrand.com\/wp-content\/uploads\/sales-acceleration_engine-768x333.png 768w, https:\/\/newcreativebrand.com\/wp-content\/uploads\/sales-acceleration_engine-880x381.png 880w\" sizes=\"(max-width: 970px) 100vw, 970px\" \/><\/figure><\/div>\n\n\n\n<p class=\"has-medium-font-size\">Despu\u00e9s de completar la cooperaci\u00f3n, seguir\u00e1 siendo el \u00fanico propietario de la cuenta. A continuaci\u00f3n, hemos preparado dos paquetes de precios para usted con el alcance de las actividades realizadas. Recuerda que si eliges una cooperaci\u00f3n a largo plazo, el primer pago ser\u00e1 un poco m\u00e1s alto que los siguientes debido a que la configuraci\u00f3n inicial requiere mucho m\u00e1s trabajo por nuestra parte.<\/p>\n\n\n\n<p class=\"has-medium-font-size\"><strong>Vale la pena recordar:<\/strong> \u00a1La duraci\u00f3n del servicio depende solo de usted! Puede ser un servicio \u00fanico o una cooperaci\u00f3n a largo plazo.<\/p>\n<\/div><\/div>\n\n\n\n<div class=\"wp-block-columns is-layout-flex wp-container-core-columns-layout-3 wp-block-columns-is-layout-flex\">\n<div class=\"wp-block-column is-layout-flow wp-block-column-is-layout-flow\">\n<div style=\"height:50px\" aria-hidden=\"true\" class=\"wp-block-spacer\"><\/div>\n\n\n\n<div class=\"wp-block-group has-white-color has-black-background-color has-text-color has-background\"><div class=\"wp-block-group__inner-container is-layout-flow wp-block-group-is-layout-flow\">\n<div class=\"wp-block-columns is-layout-flex wp-container-core-columns-layout-2 wp-block-columns-is-layout-flex\">\n<div class=\"wp-block-column price-colums is-layout-flow wp-block-column-is-layout-flow\" style=\"flex-basis:50%\">\n<h2 class=\"has-white-color has-text-color wp-block-heading\"><strong>Smart pack<\/strong><\/h2>\n\n\n\n\n<section\n        class=\"brand-client  \" >\n    <div class=\"dsn-layout-default\">\n\n        <div class=\"one-title\"><div class=\"title-sub-container\"><p class=\"title-sub\" >Cuota de activaci\u00f3n, 1,500$MX<\/p><\/div><\/div>\n\n        <div class=\"wapper-client\">\n\n\n            \n        <\/div>\n    <\/div>\n<\/section>\n\n\n<p>\u2013 Preparaci\u00f3n y configuraci\u00f3n de toda la cuenta, creaci\u00f3n y mantenimiento de campa\u00f1as en las redes de b\u00fasqueda y publicidad, y configuraci\u00f3n de remarketing (hasta 5 campa\u00f1as) <\/p>\n\n\n\n<p>\u2013 Diagn\u00f3stico de palabras clave, configuraci\u00f3n de conversiones b\u00e1sicas y listas de audiencia<\/p>\n\n\n\n<p>\u2013 Integraci\u00f3n con Google Analytics \/ Matomo<\/p>\n\n\n\n<div style=\"height:40px\" aria-hidden=\"true\" class=\"wp-block-spacer\"><\/div>\n\n\n\n\n<section\n        class=\"brand-client mboot \" >\n    <div class=\"container\">\n\n        <div class=\"one-title\"><div class=\"title-sub-container\"><p class=\"title-sub\" >Los siguientes meses, 800$MX<\/p><\/div><\/div>\n\n        <div class=\"wapper-client\">\n\n\n            \n        <\/div>\n    <\/div>\n<\/section>\n\n\n<p>\u2013 Creaci\u00f3n de informes mensuales para su negocio que muestren las acciones realizadas y su efectividad<\/p>\n\n\n\n<p>\u2013 Supervisi\u00f3n de la eficacia de toda la cuenta y los KPI clave<\/p>\n\n\n\n<p>\u2013 Ampliaci\u00f3n los grupos de anuncios existentes con nuevas palabras clave, creaci\u00f3n de nuevos anuncios y extensiones<\/p>\n\n\n\n<p><\/p>\n<\/div>\n\n\n\n<div class=\"wp-block-column price-colums is-layout-flow wp-block-column-is-layout-flow\" style=\"flex-basis:50%\">\n<h2 class=\"has-white-color has-text-color wp-block-heading\">Maxi pack<\/h2>\n\n\n\n\n<section\n        class=\"brand-client  \" >\n    <div class=\"container-fluid\">\n\n        <div class=\"one-title\"><div class=\"title-sub-container\"><p class=\"title-sub\" >Cuota de activaci\u00f3n, 3,500$MX  <\/p><\/div><\/div>\n\n        <div class=\"wapper-client\">\n\n\n            \n        <\/div>\n    <\/div>\n<\/section>\n\n\n<p>\u2013 Configuration of the entire account, creation and maintenance of campaigns in the search and advertising network as well as configuration of standard and dynamic remarketing (up to 5 campaigns) and purchase campaigns (up to 5 campaigns)<\/p>\n\n\n\n<p>\u2013 Diagn\u00f3stico de palabras clave, configuraci\u00f3n de conversiones de Google Ads y Analytics y listas de audiencia<\/p>\n\n\n\n<p>\u2013 Creaci\u00f3n y configuraci\u00f3n completa de la cuenta de Merchant Center, incluida la creaci\u00f3n de un archivo de producto<\/p>\n\n\n\n<p>\u2013 Integraci\u00f3n con Google Analytics \/ Matomo<\/p>\n\n\n\n<div style=\"height:40px\" aria-hidden=\"true\" class=\"wp-block-spacer\"><\/div>\n\n\n\n\n<section\n        class=\"brand-client mboot \" >\n    <div class=\"dsn-layout-default\">\n\n        <div class=\"one-title\"><div class=\"title-sub-container\"><p class=\"title-sub\" >Los siguientes meses, 2,500$MX<\/p><\/div><\/div>\n\n        <div class=\"wapper-client\">\n\n\n            \n        <\/div>\n    <\/div>\n<\/section>\n\n\n<p>\u2013 Supervisi\u00f3n de la eficacia de toda la cuenta y los KPI clave<\/p>\n\n\n\n<p>\u2013 Ampliaci\u00f3n de los grupos de anuncios existentes con nuevas palabras clave, creaci\u00f3n nuevos anuncios y extensiones<\/p>\n\n\n\n<p>\u2013 Creaci\u00f3n de informes mensuales para su negocio que muestren las acciones realizadas, efectividad y nuevas estrategias de crecimiento<\/p>\n\n\n\n<p>\u2013 Mejoramiento y ampliaci\u00f3n de la oferta en el feed de productos (hasta 30 productos al mes) con dise\u00f1os multimedia a la medida<\/p>\n<\/div>\n<\/div>\n<\/div><\/div>\n<\/div>\n<\/div>\n","protected":false},"excerpt":{"rendered":"<p>En New Creative Brand Studio, sabemos no solo sobre la implementaci\u00f3n de sitios web y dise\u00f1os gr\u00e1ficos para su negocio, sino que gracias a muchos a\u00f1os de experiencia en el campo del marketing online, podemos ofrecerle la creaci\u00f3n y ejecuci\u00f3n de campa\u00f1as publicitarias en Google ADS &#8211; a medida de su presupuesto. T\u00fa decidir\u00e1s cu\u00e1nto [&hellip;]<\/p>\n","protected":false},"author":1,"featured_media":9666,"parent":0,"menu_order":14,"comment_status":"closed","ping_status":"closed","template":"","meta":{"footnotes":""},"acf":[],"_links":{"self":[{"href":"https:\/\/newcreativebrand.com\/es\/wp-json\/wp\/v2\/pages\/9243"}],"collection":[{"href":"https:\/\/newcreativebrand.com\/es\/wp-json\/wp\/v2\/pages"}],"about":[{"href":"https:\/\/newcreativebrand.com\/es\/wp-json\/wp\/v2\/types\/page"}],"author":[{"embeddable":true,"href":"https:\/\/newcreativebrand.com\/es\/wp-json\/wp\/v2\/users\/1"}],"replies":[{"embeddable":true,"href":"https:\/\/newcreativebrand.com\/es\/wp-json\/wp\/v2\/comments?post=9243"}],"version-history":[{"count":3,"href":"https:\/\/newcreativebrand.com\/es\/wp-json\/wp\/v2\/pages\/9243\/revisions"}],"predecessor-version":[{"id":9896,"href":"https:\/\/newcreativebrand.com\/es\/wp-json\/wp\/v2\/pages\/9243\/revisions\/9896"}],"wp:featuredmedia":[{"embeddable":true,"href":"https:\/\/newcreativebrand.com\/es\/wp-json\/wp\/v2\/media\/9666"}],"wp:attachment":[{"href":"https:\/\/newcreativebrand.com\/es\/wp-json\/wp\/v2\/media?parent=9243"}],"curies":[{"name":"wp","href":"https:\/\/api.w.org\/{rel}","templated":true}]}}